{"id":913,"date":"2023-08-09T08:49:59","date_gmt":"2023-08-09T12:49:59","guid":{"rendered":"https:\/\/www.striperemovaltechnologies.com\/?page_id=913"},"modified":"2025-02-10T15:34:34","modified_gmt":"2025-02-10T20:34:34","slug":"scr7-traffic-marking-remover","status":"publish","type":"page","link":"https:\/\/www.striperemovaltechnologies.com\/es\/scr7-traffic-marking-remover\/","title":{"rendered":"SCR7 Traffic Marking Remover"},"content":{"rendered":"<div data-elementor-type=\"wp-page\" data-elementor-id=\"913\" class=\"elementor elementor-913\">\n\t\t\t\t<div class=\"elementor-element elementor-element-4042d62 e-flex e-con-boxed e-con e-parent\" data-id=\"4042d62\" data-element_type=\"container\" data-e-type=\"container\">\n\t\t\t\t\t<div class=\"e-con-inner\">\n\t\t\t\t<div class=\"elementor-element elementor-element-c20dd98 elementor-widget elementor-widget-heading\" data-id=\"c20dd98\" data-element_type=\"widget\" data-e-type=\"widget\" data-widget_type=\"heading.default\">\n\t\t\t\t\t<h1 class=\"elementor-heading-title elementor-size-default\">SCR7<\/h1>\t\t\t\t<\/div>\n\t\t\t\t\t<\/div>\n\t\t\t\t<\/div>\n\t\t<div class=\"elementor-element elementor-element-bbc3d13 e-flex e-con-boxed e-con e-parent\" data-id=\"bbc3d13\" data-element_type=\"container\" data-e-type=\"container\">\n\t\t\t\t\t<div class=\"e-con-inner\">\n\t\t\t\t<div class=\"elementor-element elementor-element-e2eecb9 elementor-widget elementor-widget-text-editor\" data-id=\"e2eecb9\" data-element_type=\"widget\" data-e-type=\"widget\" data-widget_type=\"text-editor.default\">\n\t\t\t\t\t\t\t\t\t<p><em>Eliminador de marcas de tr\u00e1fico<\/em><\/p>\t\t\t\t\t\t\t\t<\/div>\n\t\t\t\t\t<\/div>\n\t\t\t\t<\/div>\n\t\t<div class=\"elementor-element elementor-element-87b97ec e-flex e-con-boxed e-con e-parent\" data-id=\"87b97ec\" data-element_type=\"container\" data-e-type=\"container\">\n\t\t\t\t\t<div class=\"e-con-inner\">\n\t\t<div class=\"elementor-element elementor-element-753f230 e-con-full e-flex e-con e-child\" data-id=\"753f230\" data-element_type=\"container\" data-e-type=\"container\">\n\t\t\t\t<div class=\"elementor-element elementor-element-b44c248 elementor-widget elementor-widget-image\" data-id=\"b44c248\" data-element_type=\"widget\" data-e-type=\"widget\" data-widget_type=\"image.default\">\n\t\t\t\t\t\t\t\t\t\t\t\t\t\t\t<img fetchpriority=\"high\" decoding=\"async\" width=\"471\" height=\"529\" src=\"https:\/\/www.striperemovaltechnologies.com\/wp-content\/uploads\/2023\/08\/Scr7-2-removebg-preview.png\" class=\"attachment-large size-large wp-image-845\" alt=\"scr7-traffic-marking-remover\" srcset=\"https:\/\/www.striperemovaltechnologies.com\/wp-content\/uploads\/2023\/08\/Scr7-2-removebg-preview.png 471w, https:\/\/www.striperemovaltechnologies.com\/wp-content\/uploads\/2023\/08\/Scr7-2-removebg-preview-267x300.png 267w\" sizes=\"(max-width: 471px) 100vw, 471px\" \/>\t\t\t\t\t\t\t\t\t\t\t\t\t\t\t<\/div>\n\t\t\t\t<\/div>\n\t\t<div class=\"elementor-element elementor-element-94ef84a e-con-full e-flex e-con e-child\" data-id=\"94ef84a\" data-element_type=\"container\" data-e-type=\"container\">\n\t\t\t\t<div class=\"elementor-element elementor-element-dfa137f elementor-widget elementor-widget-text-editor\" data-id=\"dfa137f\" data-element_type=\"widget\" data-e-type=\"widget\" data-widget_type=\"text-editor.default\">\n\t\t\t\t\t\t\t\t\t<p><strong>N\u00famero de art\u00edculo:<\/strong><\/p>\t\t\t\t\t\t\t\t<\/div>\n\t\t\t\t<div class=\"elementor-element elementor-element-ebc8e54 elementor-widget elementor-widget-text-editor\" data-id=\"ebc8e54\" data-element_type=\"widget\" data-e-type=\"widget\" data-widget_type=\"text-editor.default\">\n\t\t\t\t\t\t\t\t\t<p>Descripci\u00f3n general:<\/p><p>The SRT SCR7 is a high-performance concrete scarifier designed for aggressive material removal, surface leveling, and coating preparation. Engineered for durability and efficiency, the SCR7 features a powerful cutting system that delivers precise, uniform results across a variety of concrete surfaces. Its ergonomic design and user-friendly controls enhance operator comfort while maximizing productivity. Whether you&#8217;re tackling industrial flooring, removing trip hazards, or preparing surfaces for new coatings, the SRT SCR7 ensures superior performance with exceptional speed and reliability. Built to withstand tough job site conditions, this scarifier is the go-to choice for contractors, flooring specialists, and surface preparation professionals.<\/p><p><span style=\"text-decoration: underline;\"><strong>Features:<\/strong><\/span><\/p><ul><li id=\"u1738-3\">Cabezales rotativos Tri-Cut con cortadores de carburo de tungsteno<\/li><li id=\"u1738-5\">Dise\u00f1o de 48 pines para da\u00f1os m\u00ednimos en la carretera<\/li><li id=\"u1738-7\">Control de profundidad ajustable para la penetraci\u00f3n del cortador<\/li><li id=\"u1738-9\">Dise\u00f1o de empujar o tirar para ingresar a \u00e1reas de acceso limitado o \u00e1reas congestionadas<\/li><li id=\"u1738-11\">Tungsteno de primera calidad para una vida \u00fatil m\u00e1s larga y una mayor producci\u00f3n<\/li><li id=\"u1738-13\">Cord\u00f3n de emergencia<\/li><\/ul><div><p id=\"u1742-2\"><strong>N\u00famero de art\u00edculo:<\/strong>\u00a0 ED.77500 | <span id=\"u1742-4\"><strong>Min Grinding Width:<\/strong>\u00a0<\/span><span id=\"u1742-5\">7&#8243;\u00a0 | <\/span><span id=\"u1742-8\"><strong>Dimensiones:<\/strong>\u00a0<\/span>46.5\u201dx29&#8243;x36.5&#8243; (LxWxH)<\/p><p><strong><span id=\"u1742-12\">Peso:<\/span><\/strong> 440 lbs. | <strong><span id=\"u1742-16\">HP:<\/span><\/strong> 11 | <strong><span id=\"u1742-20\">Producci\u00f3n:<\/span><\/strong>\u00a0700 &#8211; 1000 Lft\/hr<\/p><\/div>\t\t\t\t\t\t\t\t<\/div>\n\t\t\t\t<div class=\"elementor-element elementor-element-802b490 elementor-widget elementor-widget-button\" data-id=\"802b490\" data-element_type=\"widget\" data-e-type=\"widget\" data-widget_type=\"button.default\">\n\t\t\t\t\t\t\t\t\t\t<a class=\"elementor-button elementor-button-link elementor-size-sm\" href=\"https:\/\/www.striperemovaltechnologies.com\/es\/get-a-quote\/\">\n\t\t\t\t\t\t<span class=\"elementor-button-content-wrapper\">\n\t\t\t\t\t\t\t\t\t<span class=\"elementor-button-text\">Consigue una cotizaci\u00f3n<\/span>\n\t\t\t\t\t<\/span>\n\t\t\t\t\t<\/a>\n\t\t\t\t\t\t\t\t<\/div>\n\t\t\t\t<div class=\"elementor-element elementor-element-d0a116f elementor-widget elementor-widget-button\" data-id=\"d0a116f\" data-element_type=\"widget\" data-e-type=\"widget\" data-widget_type=\"button.default\">\n\t\t\t\t\t\t\t\t\t\t<a class=\"elementor-button elementor-button-link elementor-size-sm\" href=\"https:\/\/www.striperemovaltechnologies.com\/wp-content\/uploads\/2025\/02\/srt_brochure_scr7.pdf\">\n\t\t\t\t\t\t<span class=\"elementor-button-content-wrapper\">\n\t\t\t\t\t\t\t\t\t<span class=\"elementor-button-text\">Brochure<\/span>\n\t\t\t\t\t<\/span>\n\t\t\t\t\t<\/a>\n\t\t\t\t\t\t\t\t<\/div>\n\t\t\t\t<\/div>\n\t\t\t\t\t<\/div>\n\t\t\t\t<\/div>\n\t\t\t\t<\/div>","protected":false},"excerpt":{"rendered":"<p>SCR7 Traffic Marking Remover Item Number:\u00a0 ED.77500 Overview: The SRT SCR7 is a high-performance concrete scarifier designed for aggressive material removal, surface leveling, and coating preparation. Engineered for durability and efficiency, the SCR7 features a powerful cutting system that delivers precise, uniform results across a variety of concrete surfaces. Its ergonomic design and user-friendly controls [&hellip;]<\/p>\n","protected":false},"author":228360049,"featured_media":0,"parent":0,"menu_order":0,"comment_status":"closed","ping_status":"closed","template":"","meta":{"_uag_custom_page_level_css":"","site-sidebar-layout":"no-sidebar","site-content-layout":"page-builder","ast-site-content-layout":"full-width-container","site-content-style":"unboxed","site-sidebar-style":"unboxed","ast-global-header-display":"","ast-banner-title-visibility":"","ast-main-header-display":"","ast-hfb-above-header-display":"","ast-hfb-below-header-display":"","ast-hfb-mobile-header-display":"","site-post-title":"disabled","ast-breadcrumbs-content":"","ast-featured-img":"disabled","footer-sml-layout":"","ast-disable-related-posts":"","theme-transparent-header-meta":"default","adv-header-id-meta":"","stick-header-meta":"","header-above-stick-meta":"","header-main-stick-meta":"","header-below-stick-meta":"","astra-migrate-meta-layouts":"set","ast-page-background-enabled":"default","ast-page-background-meta":{"desktop":{"background-color":"","background-image":"","background-repeat":"repeat","background-position":"center center","background-size":"auto","background-attachment":"scroll","background-type":"","background-media":"","overlay-type":"","overlay-color":"","overlay-opacity":"","overlay-gradient":""},"tablet":{"background-color":"","background-image":"","background-repeat":"repeat","background-position":"center center","background-size":"auto","background-attachment":"scroll","background-type":"","background-media":"","overlay-type":"","overlay-color":"","overlay-opacity":"","overlay-gradient":""},"mobile":{"background-color":"","background-image":"","background-repeat":"repeat","background-position":"center center","background-size":"auto","background-attachment":"scroll","background-type":"","background-media":"","overlay-type":"","overlay-color":"","overlay-opacity":"","overlay-gradient":""}},"ast-content-background-meta":{"desktop":{"background-color":"var(--ast-global-color-5)","background-image":"","background-repeat":"repeat","background-position":"center center","background-size":"auto","background-attachment":"scroll","background-type":"","background-media":"","overlay-type":"","overlay-color":"","overlay-opacity":"","overlay-gradient":""},"tablet":{"background-color":"var(--ast-global-color-5)","background-image":"","background-repeat":"repeat","background-position":"center center","background-size":"auto","background-attachment":"scroll","background-type":"","background-media":"","overlay-type":"","overlay-color":"","overlay-opacity":"","overlay-gradient":""},"mobile":{"background-color":"var(--ast-global-color-5)","background-image":"","background-repeat":"repeat","background-position":"center center","background-size":"auto","background-attachment":"scroll","background-type":"","background-media":"","overlay-type":"","overlay-color":"","overlay-opacity":"","overlay-gradient":""}},"footnotes":""},"class_list":["post-913","page","type-page","status-publish","hentry"],"aioseo_notices":[],"uagb_featured_image_src":{"full":false,"thumbnail":false,"medium":false,"medium_large":false,"large":false,"1536x1536":false,"2048x2048":false,"trp-custom-language-flag":false,"gform-image-choice-sm":false,"gform-image-choice-md":false,"gform-image-choice-lg":false},"uagb_author_info":{"display_name":"sasecompany","author_link":"https:\/\/www.striperemovaltechnologies.com\/es\/author\/sasecompany\/"},"uagb_comment_info":0,"uagb_excerpt":"SCR7 Traffic Marking Remover Item Number:\u00a0 ED.77500 Overview: The SRT SCR7 is a high-performance concrete scarifier designed for aggressive material removal, surface leveling, and coating preparation. Engineered for durability and efficiency, the SCR7 features a powerful cutting system that delivers precise, uniform results across a variety of concrete surfaces. Its ergonomic design and user-friendly controls&hellip;","_links":{"self":[{"href":"https:\/\/www.striperemovaltechnologies.com\/es\/wp-json\/wp\/v2\/pages\/913","targetHints":{"allow":["GET"]}}],"collection":[{"href":"https:\/\/www.striperemovaltechnologies.com\/es\/wp-json\/wp\/v2\/pages"}],"about":[{"href":"https:\/\/www.striperemovaltechnologies.com\/es\/wp-json\/wp\/v2\/types\/page"}],"author":[{"embeddable":true,"href":"https:\/\/www.striperemovaltechnologies.com\/es\/wp-json\/wp\/v2\/users\/228360049"}],"replies":[{"embeddable":true,"href":"https:\/\/www.striperemovaltechnologies.com\/es\/wp-json\/wp\/v2\/comments?post=913"}],"version-history":[{"count":10,"href":"https:\/\/www.striperemovaltechnologies.com\/es\/wp-json\/wp\/v2\/pages\/913\/revisions"}],"predecessor-version":[{"id":1883,"href":"https:\/\/www.striperemovaltechnologies.com\/es\/wp-json\/wp\/v2\/pages\/913\/revisions\/1883"}],"wp:attachment":[{"href":"https:\/\/www.striperemovaltechnologies.com\/es\/wp-json\/wp\/v2\/media?parent=913"}],"curies":[{"name":"wp","href":"https:\/\/api.w.org\/{rel}","templated":true}]}}